{"id":182,"date":"2024-09-04T19:47:48","date_gmt":"2024-09-04T19:47:48","guid":{"rendered":"https:\/\/prom.americanproductsco.com\/?post_type=product&#038;p=182"},"modified":"2024-09-04T19:48:43","modified_gmt":"2024-09-04T19:48:43","slug":"testo-pro-pack-x3","status":"publish","type":"product","link":"https:\/\/prom.americanproductsco.com\/en\/tienda\/testo-pro-pack-x3\/","title":{"rendered":"Testo Pro | Pack x3"},"content":{"rendered":"<p><strong>\u00bfSientes que tu energ\u00eda, fuerza y \u200b\u200b\u200b\u200bdesempe\u00f1o f\u00edsico han disminuido?<\/strong><\/p>\n<p>Testo Pro es la soluci\u00f3n que necesitas. Este potenciador de testosterona para hombres, fabricado en Estados Unidos, est\u00e1 dise\u00f1ado para revitalizar y restaurar tu virilidad desde la primera toma.<\/p>\n<h3><strong>Beneficios de TestoPro<\/strong><\/h3>\n<ul>\n<li><strong>Rendimiento F\u00edsico Optimizado:<\/strong>\u00a0Sufre menos por la baja energ\u00eda y fuerza. Testo Pro revitaliza tu cuerpo, restaurando tu virilidad y mejorando tu rendimiento f\u00edsico.<\/li>\n<li><strong>Construcci\u00f3n de M\u00fasculos Fuertes y Ligeros:<\/strong>\u00a0Este suplemento diario aumenta naturalmente los niveles de testosterona, ayud\u00e1ndote a quemar grasa abdominal mientras desarrollas m\u00fasculos magros y saludables.<\/li>\n<li><strong>Mejora de la Libido y el Estado de \u00c1nimo:<\/strong>\u00a0Aumenta tu testosterona, resistencia y confianza. Mejora la circulaci\u00f3n y el rendimiento f\u00edsico tanto dentro como fuera de la cama.<\/li>\n<\/ul>\n<h3><strong>C\u00f3mo funciona TestoPro<\/strong><\/h3>\n<p>Testo Pro est\u00e1 dise\u00f1ado para aumentar la producci\u00f3n natural de testosterona. Esta hormona es crucial para el desempe\u00f1o sexual y el crecimiento muscular en los hombres. A partir de los 30 a\u00f1os, los niveles de testosterona disminuyen gradualmente, afectando la masa muscular y la libido. Testo Pro asegura m\u00faltiples beneficios:<\/p>\n<ul>\n<li><strong>Mayor Masa Muscular, Menos Grasa:<\/strong>\u00a0Transforma las fibras musculares en una estructura m\u00e1s fuerte, permitiendo la hipertrofia y usando la grasa como energ\u00eda.<\/li>\n<li><strong>Producci\u00f3n Adecuada de Testosterona:<\/strong>\u00a0Mantiene niveles \u00f3ptimos de testosterona, evitando efectos colaterales no deseados.<\/li>\n<li><strong>Reducci\u00f3n del Riesgo de Osteoporosis:<\/strong>\u00a0Ayuda a mantener la salud \u00f3sea.<\/li>\n<li><strong>Incremento de Gl\u00f3bulos Rojos y Hemoglobina:<\/strong>\u00a0Mejora la salud cardiovascular.<\/li>\n<li><strong>Mayor Actividad Sexual:<\/strong>\u00a0Aumenta la libido y mejora la funci\u00f3n er\u00e9ctil.<\/li>\n<\/ul>\n<h3><strong>Beneficios Destacados<\/strong><\/h3>\n<ul>\n<li><strong>Crecimiento \u00d3seo y Muscular:<\/strong>\u00a0Aumenta la densidad \u00f3sea y la masa muscular.<\/li>\n<li><strong>Aparici\u00f3n de Vello Facial y P\u00fabico:<\/strong>\u00a0Indicador de buena salud hormonal.<\/li>\n<li><strong>Aumento del Apetito Sexual:<\/strong>\u00a0Mejora tu vida \u00edntima.<\/li>\n<li><strong>Influencia en el Estado de \u00c1nimo:<\/strong>\u00a0Reducir el estr\u00e9s y mejorar el bienestar emocional.<\/li>\n<li><strong>Capacidad de Memoria Verbal:<\/strong>\u00a0Ayuda en el procesamiento y almacenamiento de informaci\u00f3n.<\/li>\n<li><strong>Formaci\u00f3n del Sistema Musculo-Esquel\u00e9tico:<\/strong>\u00a0Asegura una estructura fuerte y saludable.<\/li>\n<li><strong>Mantenimiento del Estado Emocional y Cognitivo:<\/strong>\u00a0Esencial para el bienestar mental y f\u00edsico<\/li>\n<\/ul>","protected":false},"excerpt":{"rendered":"<p><strong>Tratamiento Premium<\/strong><br \/>\nTransforma tu vida con Testo Pro: el suplemento natural hecho en EE.UU. que potencia tus niveles de testosterona, energ\u00eda y vitalidad para un rendimiento f\u00edsico y sexual insuperable.<br \/>\nPack de 3 unidades.<\/p>","protected":false},"featured_media":183,"template":"","meta":{"_eb_attr":""},"product_cat":[24],"product_tag":[],"class_list":{"0":"post-182","1":"product","2":"type-product","3":"status-publish","4":"has-post-thumbnail","6":"product_cat-testo-pro","8":"first","9":"instock","10":"sale","11":"shipping-taxable","12":"purchasable","13":"product-type-simple"},"_links":{"self":[{"href":"https:\/\/prom.americanproductsco.com\/en\/wp-json\/wp\/v2\/product\/182","targetHints":{"allow":["GET"]}}],"collection":[{"href":"https:\/\/prom.americanproductsco.com\/en\/wp-json\/wp\/v2\/product"}],"about":[{"href":"https:\/\/prom.americanproductsco.com\/en\/wp-json\/wp\/v2\/types\/product"}],"wp:featuredmedia":[{"embeddable":true,"href":"https:\/\/prom.americanproductsco.com\/en\/wp-json\/wp\/v2\/media\/183"}],"wp:attachment":[{"href":"https:\/\/prom.americanproductsco.com\/en\/wp-json\/wp\/v2\/media?parent=182"}],"wp:term":[{"taxonomy":"product_cat","embeddable":true,"href":"https:\/\/prom.americanproductsco.com\/en\/wp-json\/wp\/v2\/product_cat?post=182"},{"taxonomy":"product_tag","embeddable":true,"href":"https:\/\/prom.americanproductsco.com\/en\/wp-json\/wp\/v2\/product_tag?post=182"}],"curies":[{"name":"wp","href":"https:\/\/api.w.org\/{rel}","templated":true}]}}